{"id":20,"date":"2025-11-06T10:03:06","date_gmt":"2025-11-06T09:03:06","guid":{"rendered":"https:\/\/couetservices.com\/?page_id=20"},"modified":"2025-11-13T10:32:11","modified_gmt":"2025-11-13T09:32:11","slug":"accueil","status":"publish","type":"page","link":"https:\/\/couetservices.com\/","title":{"rendered":"Couet-Services :"},"content":{"rendered":"\t\t<div data-elementor-type=\"wp-page\" data-elementor-id=\"20\" class=\"elementor elementor-20\">\n\t\t\t\t<div class=\"elementor-element elementor-element-6d380523 e-flex e-con-boxed e-con e-parent\" data-id=\"6d380523\" data-element_type=\"container\">\n\t\t\t\t\t<div class=\"e-con-inner\">\n\t\t\t\t<div class=\"elementor-element elementor-element-460e6dbb elementor-widget elementor-widget-text-editor\" data-id=\"460e6dbb\" data-element_type=\"widget\" data-widget_type=\"text-editor.default\">\n\t\t\t\t\t\t\t\t\t\n<h3 class=\"wp-block-heading\">Nos Services :<\/h3>\n\n<ul class=\"wp-block-list\">\n<li><strong>Plomberie<\/strong>\u00a0: Nous offrons des solutions de plomberie adapt\u00e9es \u00e0 vos besoins, que ce soit pour des r\u00e9parations, des installations ou des r\u00e9novations compl\u00e8tes.<\/li>\n\n<li><strong>R\u00e9novation<\/strong>\u00a0: Transformez votre espace avec notre expertise en r\u00e9novation. Nous mettons \u00e0 jour et r\u00e9am\u00e9nageons votre int\u00e9rieur pour le rendre fonctionnel et esth\u00e9tique.<\/li>\n\n<li><strong>Travaux G\u00e9n\u00e9rales<\/strong>\u00a0: Nous prenons en charge tous types de travaux, qu&rsquo;il s&rsquo;agisse de petits am\u00e9nagements ou de grands projets de construction.<\/li>\n\n<li><strong>Entretien de Piscine<\/strong>\u00a0: Profitez de votre piscine en toute s\u00e9r\u00e9nit\u00e9 gr\u00e2ce \u00e0 nos services d&rsquo;entretien r\u00e9guliers pour garantir sa propret\u00e9 et son bon fonctionnement.<\/li>\n\n<li><strong>Installation d&rsquo;Adoucisseur d&rsquo;Eau<\/strong>\u00a0: Am\u00e9liorez la qualit\u00e9 de votre eau avec nos solutions d&rsquo;adoucissement, qui prot\u00e8gent vos installations et am\u00e9liorent votre confort quotidien.<\/li>\n<\/ul>\n\n<h3 class=\"wp-block-heading\">Pourquoi Choisir Couet Services ?<\/h3>\n\n<ul class=\"wp-block-list\">\n<li><strong>Expertise<\/strong>\u00a0: Une \u00e9quipe qualifi\u00e9e avec des ann\u00e9es d&rsquo;exp\u00e9rience dans le secteur.<\/li>\n\n<li><strong>Qualit\u00e9<\/strong>\u00a0: Des mat\u00e9riaux de premier choix et un travail soign\u00e9.<\/li>\n\n<li><strong>Service Client<\/strong>\u00a0: \u00c0 votre \u00e9coute pour r\u00e9pondre \u00e0 toutes vos questions et vous conseiller.<\/li>\n<\/ul>\n\n<p>Contactez-nous d\u00e8s aujourd&rsquo;hui pour un devis gratuit et personnalis\u00e9 !<\/p>\n\t\t\t\t\t\t\t\t<\/div>\n\t\t\t\t\t<\/div>\n\t\t\t\t<\/div>\n\t\t<div class=\"elementor-element elementor-element-18eda67 e-flex e-con-boxed e-con e-parent\" data-id=\"18eda67\" data-element_type=\"container\">\n\t\t\t\t\t<div class=\"e-con-inner\">\n\t\t\t\t<div class=\"elementor-element elementor-element-3ed3945 elementor-widget elementor-widget-wpzoom-elementor-addons-slider\" data-id=\"3ed3945\" data-element_type=\"widget\" data-settings=\"{&quot;animation_speed&quot;:300,&quot;autoplay&quot;:&quot;yes&quot;,&quot;autoplay_speed&quot;:3000,&quot;loop&quot;:&quot;yes&quot;,&quot;slides_to_show&quot;:1,&quot;slides_to_show_tablet&quot;:1,&quot;slides_to_show_mobile&quot;:1,&quot;navigation&quot;:&quot;arrow&quot;}\" data-widget_type=\"wpzoom-elementor-addons-slider.default\">\n\t\t\t\t<div class=\"elementor-widget-container\">\n\t\t\t\t\t<div class=\"wpzjs-slick wpz-slick wpz-slick--slider\">\n\n\t\t\t\n\t\t\t\t<div class=\"wpz-slick-slide\">\n\n\t\t\t\t\t<div class=\"wpz-slick-item\">\n\n\t\t\t\t\t\t\t\t\t\t\t\t\t<img decoding=\"async\" class=\"wpz-slick-img\" src=\"https:\/\/couetservices.com\/wp-content\/uploads\/2025\/11\/couet-service-renovation-haute-savoie-suisse-scaled.jpeg\" alt=\"R\u00e9novation Couet Services\">\n\t\t\t\t\t\t\n\t\t\t\t\t\t\n\t\t\t\t\t\t\t\t\t\t\t\t\t<div class=\"wpz-slick-content\">\n\t\t\t\t\t\t\t\t\t\t\t\t\t\t\t\t\t<h2 class=\"wpz-slick-title\">R\u00e9novation Couet Services<\/h2>\n\t\t\t\t\t\t\t\t\t\t\t\t\t\t\t\t\t\t\t\t\t\t\t<\/div>\n\t\t\t\t\t\t\n\t\t\t\t\t<\/div>\n\n\t\t\t\t<\/div>\n\n\t\t\t\n\t\t\t\t<div class=\"wpz-slick-slide\">\n\n\t\t\t\t\t<div class=\"wpz-slick-item\">\n\n\t\t\t\t\t\t\t\t\t\t\t\t\t<img decoding=\"async\" class=\"wpz-slick-img\" src=\"https:\/\/couetservices.com\/wp-content\/uploads\/2025\/11\/couet-service-renovation-haute-savoie-suisse-FRANCE-SEYSSEL-CORBONOD-scaled.jpeg\" alt=\"plomberie Couet Services\">\n\t\t\t\t\t\t\n\t\t\t\t\t\t\n\t\t\t\t\t\t\t\t\t\t\t\t\t<div class=\"wpz-slick-content\">\n\t\t\t\t\t\t\t\t\t\t\t\t\t\t\t\t\t<h2 class=\"wpz-slick-title\">plomberie Couet Services<\/h2>\n\t\t\t\t\t\t\t\t\t\t\t\t\t\t\t\t\t\t\t\t\t\t\t<\/div>\n\t\t\t\t\t\t\n\t\t\t\t\t<\/div>\n\n\t\t\t\t<\/div>\n\n\t\t\t\n\t\t\t\t<div class=\"wpz-slick-slide\">\n\n\t\t\t\t\t<div class=\"wpz-slick-item\">\n\n\t\t\t\t\t\t\t\t\t\t\t\t\t<img decoding=\"async\" class=\"wpz-slick-img\" src=\"https:\/\/couetservices.com\/wp-content\/uploads\/2025\/11\/installation-adoucisseur-deau-couet-service-savoie-hautesavoie-scaled.jpeg\" alt=\"Installation adoucisseur\">\n\t\t\t\t\t\t\n\t\t\t\t\t\t\n\t\t\t\t\t\t\t\t\t\t\t\t\t<div class=\"wpz-slick-content\">\n\t\t\t\t\t\t\t\t\t\t\t\t\t\t\t\t\t<h2 class=\"wpz-slick-title\">Installation adoucisseur<\/h2>\n\t\t\t\t\t\t\t\t\t\t\t\t\t\t\t\t\t\t\t\t\t\t\t<\/div>\n\t\t\t\t\t\t\n\t\t\t\t\t<\/div>\n\n\t\t\t\t<\/div>\n\n\t\t\t\n\t\t<\/div>\n\n\t\t\t\t\t<button type=\"button\" class=\"slick-prev\"><svg aria-hidden=\"true\" class=\"e-font-icon-svg e-fas-chevron-left\" viewBox=\"0 0 320 512\" xmlns=\"http:\/\/www.w3.org\/2000\/svg\"><path d=\"M34.52 239.03L228.87 44.69c9.37-9.37 24.57-9.37 33.94 0l22.67 22.67c9.36 9.36 9.37 24.52.04 33.9L131.49 256l154.02 154.75c9.34 9.38 9.32 24.54-.04 33.9l-22.67 22.67c-9.37 9.37-24.57 9.37-33.94 0L34.52 272.97c-9.37-9.37-9.37-24.57 0-33.94z\"><\/path><\/svg><\/button>\n\t\t\n\t\t\t\t\t<button type=\"button\" class=\"slick-next\"><svg aria-hidden=\"true\" class=\"e-font-icon-svg e-fas-chevron-right\" viewBox=\"0 0 320 512\" xmlns=\"http:\/\/www.w3.org\/2000\/svg\"><path d=\"M285.476 272.971L91.132 467.314c-9.373 9.373-24.569 9.373-33.941 0l-22.667-22.667c-9.357-9.357-9.375-24.522-.04-33.901L188.505 256 34.484 101.255c-9.335-9.379-9.317-24.544.04-33.901l22.667-22.667c9.373-9.373 24.569-9.373 33.941 0L285.475 239.03c9.373 9.372 9.373 24.568.001 33.941z\"><\/path><\/svg><\/button>\n\t\t\n\t\t\t\t\t\t<\/div>\n\t\t\t\t<\/div>\n\t\t\t\t\t<\/div>\n\t\t\t\t<\/div>\n\t\t\t\t<\/div>\n\t\t","protected":false},"excerpt":{"rendered":"<p>Nos Services : Pourquoi Choisir Couet Services ? Contactez-nous d\u00e8s aujourd&rsquo;hui pour un devis gratuit et personnalis\u00e9 ! R\u00e9novation Couet Services plomberie Couet Services Installation adoucisseur<\/p>\n","protected":false},"author":1,"featured_media":0,"parent":0,"menu_order":0,"comment_status":"closed","ping_status":"closed","template":"","meta":{"footnotes":""},"class_list":["post-20","page","type-page","status-publish","hentry"],"featured_media_urls":[],"_links":{"self":[{"href":"https:\/\/couetservices.com\/index.php\/wp-json\/wp\/v2\/pages\/20","targetHints":{"allow":["GET"]}}],"collection":[{"href":"https:\/\/couetservices.com\/index.php\/wp-json\/wp\/v2\/pages"}],"about":[{"href":"https:\/\/couetservices.com\/index.php\/wp-json\/wp\/v2\/types\/page"}],"author":[{"embeddable":true,"href":"https:\/\/couetservices.com\/index.php\/wp-json\/wp\/v2\/users\/1"}],"replies":[{"embeddable":true,"href":"https:\/\/couetservices.com\/index.php\/wp-json\/wp\/v2\/comments?post=20"}],"version-history":[{"count":23,"href":"https:\/\/couetservices.com\/index.php\/wp-json\/wp\/v2\/pages\/20\/revisions"}],"predecessor-version":[{"id":125,"href":"https:\/\/couetservices.com\/index.php\/wp-json\/wp\/v2\/pages\/20\/revisions\/125"}],"wp:attachment":[{"href":"https:\/\/couetservices.com\/index.php\/wp-json\/wp\/v2\/media?parent=20"}],"curies":[{"name":"wp","href":"https:\/\/api.w.org\/{rel}","templated":true}]}}